{"id":4541,"date":"2011-05-20T18:49:43","date_gmt":"2011-05-20T16:49:43","guid":{"rendered":"https:\/\/yas.ypv.mybluehost.me\/website_787a6f96\/microsoft-frontpage\/"},"modified":"2025-07-04T19:04:23","modified_gmt":"2025-07-04T17:04:23","slug":"open-hours","status":"publish","type":"page","link":"https:\/\/support.yoast.dev\/fr\/open-hours\/","title":{"rendered":"Open Hours"},"content":{"rendered":"\n<div class=\"wp-block-yoast-seo-local-opening-hours\"><div class=\"wpseo-opening-hours-wrapper\"><table class=\"wpseo-opening-hours\" id =\"wpseo-opening-hours-5003\"><tr><td class=\"day\">Lundi<\/td><td class=\"time\"><span>Ouvert 24 heures<\/span><\/td><\/tr><tr><td class=\"day\">Mardi<\/td><td class=\"time\"><span>09:00 - 17:00<\/span> <strong>Ouvert actuellement <\/strong><\/td><\/tr><tr><td class=\"day\">Mercredi<\/td><td class=\"time\"><span>09:00 - 17:00<\/span><\/td><\/tr><tr><td class=\"day\">Jeudi<\/td><td class=\"time\"><span>09:00 - 17:00<\/span><\/td><\/tr><tr><td class=\"day\">Vendredi<\/td><td class=\"time\"><span>09:00 - 17:00<\/span><\/td><\/tr><tr><td class=\"day\">Samedi<\/td><td class=\"time\"><span>09:00 - 17:00<\/span><\/td><\/tr><tr><td class=\"day\">Dimanche<\/td><td class=\"time\"><span>09:00 - 17:00<\/span><\/td><\/tr><\/table><\/div><div class=\"wpseo-extra-comment\"><p>Add a note to your opening hours<\/p>\n<\/div><\/div>\n\n\n<p>Microsoft FrontPage (full name Microsoft Office FrontPage) is a discontinued WYSIWYG HTML editor and website administration tool from Microsoft for the Microsoft Windows line of operating systems. It was branded as part of the Microsoft Office suite from 1997 to 2003. Microsoft FrontPage has since been replaced by Microsoft Expression Web and SharePoint Designer, which were first released in December 2006 alongside Microsoft Office 2007, but these two products were also discontinued in favor of a web-based version of SharePoint Designer, as those three HTML editors were desktop applications.<\/p>","protected":false},"excerpt":{"rendered":"<p>Microsoft FrontPage (full name Microsoft Office FrontPage) is a discontinued WYSIWYG HTML editor and website administration tool from Microsoft for the Microsoft Windows line of operating systems. It was branded as part of the Microsoft Office suite from 1997 to 2003. Microsoft FrontPage has since been replaced by Microsoft Expression Web and SharePoint Designer, which [&hellip;]<\/p>\n","protected":false},"author":12,"featured_media":0,"parent":0,"menu_order":0,"comment_status":"open","ping_status":"closed","template":"","meta":{"footnotes":""},"class_list":["post-4541","page","type-page","status-publish","hentry"],"yoast_head":"<!-- This site is optimized with the Yoast SEO Premium plugin v27.3 (Yoast SEO v27.3) - https:\/\/yoast.com\/product\/yoast-seo-premium-wordpress\/ -->\n<title>Open Hours - Yoast Support Testing Ground<\/title>\n<meta name=\"description\" content=\"Microsoft FrontPage (nom complet Microsoft Office FrontPage) est un \u00e9diteur HTML WYSIWYG et un outil d&#039;administration de site Web abandonn\u00e9s de Microsoft pour la gamme de syst\u00e8mes d&#039;exploitation Microsoft Windows.\" \/>\n<meta name=\"robots\" content=\"index, follow, max-snippet:-1, max-image-preview:large, max-video-preview:-1\" \/>\n<link rel=\"canonical\" href=\"https:\/\/support.yoast.dev\/fr\/open-hours\/\" \/>\n<meta property=\"og:locale\" content=\"fr_FR\" \/>\n<meta property=\"og:type\" content=\"article\" \/>\n<meta property=\"og:title\" content=\"Open Hours\" \/>\n<meta property=\"og:description\" content=\"Microsoft FrontPage (nom complet Microsoft Office FrontPage) est un \u00e9diteur HTML WYSIWYG et un outil d&#039;administration de site Web abandonn\u00e9s de Microsoft pour la gamme de syst\u00e8mes d&#039;exploitation Microsoft Windows.\" \/>\n<meta property=\"og:url\" content=\"https:\/\/support.yoast.dev\/fr\/open-hours\/\" \/>\n<meta property=\"og:site_name\" content=\"Yoast Support Testing Ground\" \/>\n<meta property=\"article:modified_time\" content=\"2025-07-04T17:04:23+00:00\" \/>\n<meta name=\"twitter:card\" content=\"summary_large_image\" \/>\n<meta name=\"twitter:label1\" content=\"Dur\u00e9e de lecture estim\u00e9e\" \/>\n\t<meta name=\"twitter:data1\" content=\"1 minute\" \/>\n<script type=\"application\/ld+json\" class=\"yoast-schema-graph\">{\"@context\":\"https:\\\/\\\/schema.org\",\"@graph\":[{\"@type\":\"WebPage\",\"@id\":\"https:\\\/\\\/support.yoast.dev\\\/fr\\\/open-hours\\\/\",\"url\":\"https:\\\/\\\/support.yoast.dev\\\/fr\\\/open-hours\\\/\",\"name\":\"Open Hours - Yoast Support Testing Ground\",\"isPartOf\":{\"@id\":\"https:\\\/\\\/support.yoast.dev\\\/fr\\\/#website\"},\"datePublished\":\"2011-05-20T16:49:43+00:00\",\"dateModified\":\"2025-07-04T17:04:23+00:00\",\"description\":\"Microsoft FrontPage (nom complet Microsoft Office FrontPage) est un \u00e9diteur HTML WYSIWYG et un outil d'administration de site Web abandonn\u00e9s de Microsoft pour la gamme de syst\u00e8mes d'exploitation Microsoft Windows.\",\"breadcrumb\":{\"@id\":\"https:\\\/\\\/support.yoast.dev\\\/fr\\\/open-hours\\\/#breadcrumb\"},\"inLanguage\":\"fr-FR\",\"potentialAction\":[{\"@type\":\"ReadAction\",\"target\":[\"https:\\\/\\\/support.yoast.dev\\\/fr\\\/open-hours\\\/\"]}]},{\"@type\":\"BreadcrumbList\",\"@id\":\"https:\\\/\\\/support.yoast.dev\\\/fr\\\/open-hours\\\/#breadcrumb\",\"itemListElement\":[{\"@type\":\"ListItem\",\"position\":1,\"name\":\"Home\",\"item\":\"https:\\\/\\\/support.yoast.dev\\\/fr\\\/\"},{\"@type\":\"ListItem\",\"position\":2,\"name\":\"Open Hours\"}]},{\"@type\":\"WebSite\",\"@id\":\"https:\\\/\\\/support.yoast.dev\\\/fr\\\/#website\",\"url\":\"https:\\\/\\\/support.yoast.dev\\\/fr\\\/\",\"name\":\"Yoast Support Dev Area\",\"description\":\"we test everything\",\"publisher\":{\"@id\":\"https:\\\/\\\/support.yoast.dev\\\/fr\\\/#organization\"},\"alternateName\":\"Yoast Support Testing Ground\",\"potentialAction\":[{\"@type\":\"SearchAction\",\"target\":{\"@type\":\"EntryPoint\",\"urlTemplate\":\"https:\\\/\\\/support.yoast.dev\\\/fr\\\/?s={search_term_string}\"},\"query-input\":{\"@type\":\"PropertyValueSpecification\",\"valueRequired\":true,\"valueName\":\"search_term_string\"}}],\"inLanguage\":\"fr-FR\"},{\"@type\":[\"Organization\",\"Place\"],\"@id\":\"https:\\\/\\\/support.yoast.dev\\\/fr\\\/#organization\",\"name\":\"Yoast Support Development Area\",\"alternateName\":\"Yoast Support Testing Ground\",\"url\":\"https:\\\/\\\/yas.ypv.mybluehost.me\\\/website_787a6f96\\\/\",\"logo\":{\"@type\":\"ImageObject\",\"inLanguage\":\"fr-FR\",\"@id\":\"https:\\\/\\\/support.yoast.dev\\\/fr\\\/#\\\/schema\\\/logo\\\/image\\\/\",\"url\":\"https:\\\/\\\/support.yoast.dev\\\/wp-content\\\/uploads\\\/2026\\\/01\\\/airport.jpg\",\"contentUrl\":\"https:\\\/\\\/support.yoast.dev\\\/wp-content\\\/uploads\\\/2026\\\/01\\\/airport.jpg\",\"width\":612,\"height\":408,\"caption\":\"Yoast Support Development Area\"},\"image\":{\"@id\":\"https:\\\/\\\/support.yoast.dev\\\/fr\\\/#\\\/schema\\\/logo\\\/image\\\/\"},\"foundingDate\":\"2012-02-15\",\"numberOfEmployees\":{\"@type\":\"QuantitativeValue\",\"minValue\":\"51\",\"maxValue\":\"200\"},\"hasMerchantReturnPolicy\":{\"@type\":\"MerchantReturnPolicy\",\"merchantReturnLink\":\"https:\\\/\\\/support.yoast.dev\\\/refund-returns\\\/\"},\"telephone\":[\"1234566789\"],\"email\":\"airports@support.yoast.dev\"}]}<\/script>\n<!-- \/ Yoast SEO Premium plugin. -->","yoast_head_json":{"title":"Open Hours - Yoast Support Testing Ground","description":"Microsoft FrontPage (nom complet Microsoft Office FrontPage) est un \u00e9diteur HTML WYSIWYG et un outil d'administration de site Web abandonn\u00e9s de Microsoft pour la gamme de syst\u00e8mes d'exploitation Microsoft Windows.","robots":{"index":"index","follow":"follow","max-snippet":"max-snippet:-1","max-image-preview":"max-image-preview:large","max-video-preview":"max-video-preview:-1"},"canonical":"https:\/\/support.yoast.dev\/fr\/open-hours\/","og_locale":"fr_FR","og_type":"article","og_title":"Open Hours","og_description":"Microsoft FrontPage (nom complet Microsoft Office FrontPage) est un \u00e9diteur HTML WYSIWYG et un outil d'administration de site Web abandonn\u00e9s de Microsoft pour la gamme de syst\u00e8mes d'exploitation Microsoft Windows.","og_url":"https:\/\/support.yoast.dev\/fr\/open-hours\/","og_site_name":"Yoast Support Testing Ground","article_modified_time":"2025-07-04T17:04:23+00:00","twitter_card":"summary_large_image","twitter_misc":{"Dur\u00e9e de lecture estim\u00e9e":"1 minute"},"schema":{"@context":"https:\/\/schema.org","@graph":[{"@type":"WebPage","@id":"https:\/\/support.yoast.dev\/fr\/open-hours\/","url":"https:\/\/support.yoast.dev\/fr\/open-hours\/","name":"Open Hours - Yoast Support Testing Ground","isPartOf":{"@id":"https:\/\/support.yoast.dev\/fr\/#website"},"datePublished":"2011-05-20T16:49:43+00:00","dateModified":"2025-07-04T17:04:23+00:00","description":"Microsoft FrontPage (nom complet Microsoft Office FrontPage) est un \u00e9diteur HTML WYSIWYG et un outil d'administration de site Web abandonn\u00e9s de Microsoft pour la gamme de syst\u00e8mes d'exploitation Microsoft Windows.","breadcrumb":{"@id":"https:\/\/support.yoast.dev\/fr\/open-hours\/#breadcrumb"},"inLanguage":"fr-FR","potentialAction":[{"@type":"ReadAction","target":["https:\/\/support.yoast.dev\/fr\/open-hours\/"]}]},{"@type":"BreadcrumbList","@id":"https:\/\/support.yoast.dev\/fr\/open-hours\/#breadcrumb","itemListElement":[{"@type":"ListItem","position":1,"name":"Home","item":"https:\/\/support.yoast.dev\/fr\/"},{"@type":"ListItem","position":2,"name":"Open Hours"}]},{"@type":"WebSite","@id":"https:\/\/support.yoast.dev\/fr\/#website","url":"https:\/\/support.yoast.dev\/fr\/","name":"Yoast Support Dev Area","description":"we test everything","publisher":{"@id":"https:\/\/support.yoast.dev\/fr\/#organization"},"alternateName":"Yoast Support Testing Ground","potentialAction":[{"@type":"SearchAction","target":{"@type":"EntryPoint","urlTemplate":"https:\/\/support.yoast.dev\/fr\/?s={search_term_string}"},"query-input":{"@type":"PropertyValueSpecification","valueRequired":true,"valueName":"search_term_string"}}],"inLanguage":"fr-FR"},{"@type":["Organization","Place"],"@id":"https:\/\/support.yoast.dev\/fr\/#organization","name":"Yoast Support Development Area","alternateName":"Yoast Support Testing Ground","url":"https:\/\/yas.ypv.mybluehost.me\/website_787a6f96\/","logo":{"@type":"ImageObject","inLanguage":"fr-FR","@id":"https:\/\/support.yoast.dev\/fr\/#\/schema\/logo\/image\/","url":"https:\/\/support.yoast.dev\/wp-content\/uploads\/2026\/01\/airport.jpg","contentUrl":"https:\/\/support.yoast.dev\/wp-content\/uploads\/2026\/01\/airport.jpg","width":612,"height":408,"caption":"Yoast Support Development Area"},"image":{"@id":"https:\/\/support.yoast.dev\/fr\/#\/schema\/logo\/image\/"},"foundingDate":"2012-02-15","numberOfEmployees":{"@type":"QuantitativeValue","minValue":"51","maxValue":"200"},"hasMerchantReturnPolicy":{"@type":"MerchantReturnPolicy","merchantReturnLink":"https:\/\/support.yoast.dev\/refund-returns\/"},"telephone":["1234566789"],"email":"airports@support.yoast.dev"}]}},"_links":{"self":[{"href":"https:\/\/support.yoast.dev\/fr\/wp-json\/wp\/v2\/pages\/4541","targetHints":{"allow":["GET"]}}],"collection":[{"href":"https:\/\/support.yoast.dev\/fr\/wp-json\/wp\/v2\/pages"}],"about":[{"href":"https:\/\/support.yoast.dev\/fr\/wp-json\/wp\/v2\/types\/page"}],"author":[{"embeddable":true,"href":"https:\/\/support.yoast.dev\/fr\/wp-json\/wp\/v2\/users\/12"}],"replies":[{"embeddable":true,"href":"https:\/\/support.yoast.dev\/fr\/wp-json\/wp\/v2\/comments?post=4541"}],"version-history":[{"count":7,"href":"https:\/\/support.yoast.dev\/fr\/wp-json\/wp\/v2\/pages\/4541\/revisions"}],"predecessor-version":[{"id":5927,"href":"https:\/\/support.yoast.dev\/fr\/wp-json\/wp\/v2\/pages\/4541\/revisions\/5927"}],"wp:attachment":[{"href":"https:\/\/support.yoast.dev\/fr\/wp-json\/wp\/v2\/media?parent=4541"}],"curies":[{"name":"wp","href":"https:\/\/api.w.org\/{rel}","templated":true}]}}